{"id":284,"date":"2021-02-11T11:38:20","date_gmt":"2021-02-11T11:38:20","guid":{"rendered":"https:\/\/www.nosci.mk\/?page_id=284"},"modified":"2021-03-25T15:21:46","modified_gmt":"2021-03-25T15:21:46","slug":"bashkohu-me-ne","status":"publish","type":"page","link":"https:\/\/www.nosci.mk\/?page_id=284&lang=sq","title":{"rendered":"Bashkohu me ne"},"content":{"rendered":"\n<p>NOSCI.mk \u00ebsht\u00eb e hapur p\u00ebr t\u00eb gjith\u00eb ata q\u00eb jan\u00eb t\u00eb interesuar p\u00ebr shkenc\u00ebn e hapur dhe k\u00ebrkimin.<\/p>\n\n\n\n<p>Bashkohuni me ne dhe na ndihmoni t\u00eb b\u00ebjm\u00eb nj\u00eb ndryshim duke krijuar deklarata dhe politika prej t\u00eb cilave do t\u00eb p\u00ebrfitojn\u00eb t\u00eb gjitha hulumtimet n\u00eb vendin ton\u00eb.<\/p>\n\n\n\n<p><strong><!--noptimize--><div class=\"rmagic rm_theme_matchmytheme rm_layout_label_top\"><style><\/style><style><\/style><div class=\"rmcontent\"><pre class=\"rm-pre-wrapper-for-script-tags\"><script>\r\n                \r\nif (typeof window['rm_multipage'] == 'undefined') {\r\n\r\n    rm_multipage = {\r\n        global_page_no_form_4_1: 1\r\n    };\r\n\r\n}\r\nelse\r\n rm_multipage.global_page_no_form_4_1 = 1;\r\n\r\nfunction gotonext_form_4_1(){\r\n        \/* Making sure action attribute is empty *\/\r\n        jQuery(\"form.rmagic-form\").attr(\"action\",\"\");\r\n        maxpage = 1 ;\r\n        var form_object= jQuery(\"#rm_form_page_form_4_1_\"+rm_multipage.global_page_no_form_4_1).closest(\"form\");\r\n        var submit_btn= form_object.find(\"[type=submit]:not(.rm_noscript_btn)\");\r\n        jQuery.validator.setDefaults({errorClass: 'rm-form-field-invalid-msg',\r\n                ignore:':hidden,.ignore,:not(:visible),.rm_untouched',wrapper:'div',\r\n                errorPlacement: function(error, element) {\r\n                    \/\/error.appendTo(element.closest('.rminput'));\r\n                    error.appendTo(element.closest('div'));\r\n                },\r\n                rules: {\r\n                    email_confirmation: {\r\n                        required: true,\r\n                        equalTo: \"#rm_reg_form_email_4_1\"\r\n                    }\r\n                },\r\n                messages: {\r\n                    email_confirmation: {\r\n                        equalTo: \"Emails do not match\"\r\n                    }\r\n                }\r\n            });\r\n        form_object.find('input.rm_price_field_quantity').each(function() {\r\n            if(typeof jQuery(this).attr('min') == 'undefined') {\r\n                jQuery(this).attr('min', 0);\r\n            }\r\n        });\r\n        if(form_object.find('.rm_privacy_cb').is(':visible')) {\r\n            if(!form_object.find('.rm_privacy_cb').prop('checked')){\r\n                \/\/form_object.find('.rm_privacy_cb').trigger('change');\r\n                form_object.find('.rm_privacy_cb').focus();\r\n                form_object.find('.rm_privacy_cb').parent().parent().siblings('div.rm-form-error-message').show();\r\n                return false;\r\n            }\r\n        }\r\n        if(jQuery(\"#rm_form_page_form_4_1_\"+rm_multipage.global_page_no_form_4_1+\" :input\").length > 0)\r\n        {\r\n            var elements_to_validate= jQuery(\"#rm_form_page_form_4_1_\"+rm_multipage.global_page_no_form_4_1+\" :input\");\r\n            var valid = elements_to_validate.valid();\r\n            elements_to_validate.each(function(){\r\n            var if_mobile= jQuery(this).attr('data-mobile-intel-field');\r\n            if(if_mobile){\r\n                var tel_error = rm_toggle_tel_error(this.dataset.validnumber,jQuery(this),jQuery(this).data('error-message'));\r\n                if(tel_error){\r\n                    valid= false;\r\n                }\r\n                else\r\n                {\r\n                    jQuery(this).val(this.dataset.fullnumber);\r\n                }\r\n            }\r\n            });\r\n                \r\n            if(!valid)\r\n            {\r\n                setTimeout(function(){ submit_btn.prop('disabled',false); }, 1000);\r\n                var error_element= jQuery(document).find(\"input.rm-form-field-invalid-msg\")[0];\r\n                if(error_element){\r\n                    error_element.focus();\r\n                }\r\n                return false;\r\n            }\r\n        }\r\n        \r\n        \/* Server validation for Username and Email field *\/\r\n        for(var i=0;i<rm_validation_attr.length;i++){\r\n            var validation_flag= true;\r\n            jQuery(\"[\" + rm_validation_attr[i] + \"=0]\").each(function(){\r\n               validation_flag= false;\r\n               return false;\r\n            });\r\n            \r\n            if(!validation_flag)\r\n              return;\r\n        }\r\n        \r\n        \r\n        rm_multipage.global_page_no_form_4_1++;\r\n        \r\n        \/*skip blank form pages*\/\r\n        while(jQuery(\"#rm_form_page_form_4_1_\"+rm_multipage.global_page_no_form_4_1+\" :input\").length == 0)\r\n        {\r\n        \r\n            if(maxpage <= rm_multipage.global_page_no_form_4_1)\r\n            {\r\n                    if(jQuery(\"#rm_form_page_form_4_1_\"+rm_multipage.global_page_no_form_4_1+\" :input\").length == 0){\r\n                        jQuery(\"#rm_next_form_page_button_4_1\").prop('type','submit');\r\n                        jQuery(\"#rm_prev_form_page_button_4_1\").prop('disabled',true);\r\n                        return;\r\n                    }        \r\n                    else\r\n                        break;\r\n            }\r\n        \r\n            rm_multipage.global_page_no_form_4_1++;\r\n        }\r\n            \r\n\t\r\n\tif(maxpage < rm_multipage.global_page_no_form_4_1)\r\n\t{\r\n\t\trm_multipage.global_page_no_form_4_1 = maxpage;\r\n\t\tjQuery(\"#rm_next_form_page_button_4_1\").prop('type','submit');\r\n                jQuery(\"#rm_prev_form_page_button_4_1\").prop('disabled',true);\r\n\t\treturn;\r\n\t}\r\n\tjQuery(\".rmformpage_form_4_1\").each(function (){\r\n\t\tvar visibledivid = \"rm_form_page_form_4_1_\"+rm_multipage.global_page_no_form_4_1;\r\n\t\tif(jQuery(this).attr('id') == visibledivid)\r\n\t\t\tjQuery(this).show();\r\n\t\telse\r\n\t\t\tjQuery(this).hide();\r\n\t});\r\n        jQuery('html, body').animate({\r\n            scrollTop: (jQuery('.rmformpage_form_4_1').first().offset().top)\r\n        },500);\r\n        jQuery(\"#rm_prev_form_page_button_4_1\").prop('disabled',false);\r\n        rmInitGoogleApi();\r\n}\r\nfunction gotoprev_form_4_1(){\r\n\t\r\n\tmaxpage = 1 ;\r\n        var form_object= jQuery(\"#rm_form_page_form_4_1_\"+rm_multipage.global_page_no_form_4_1).closest(\"form\");\r\n\trm_multipage.global_page_no_form_4_1--;\r\n        jQuery(\"#rm_next_form_page_button_4_1\").attr('type','button');\r\n        \/*\r\n        if(form_object.find('.rm_privacy_cb').is(':visible')) {\r\n            if(!form_object.find('.rm_privacy_cb').prop('checked')){\r\n                \/\/form_object.find('.rm_privacy_cb').trigger('change');\r\n                form_object.find('.rm_privacy_cb').focus();\r\n                form_object.find('.rm_privacy_cb').parent().parent().siblings('div.rm-form-error-message').show();\r\n                return false;\r\n            }\r\n        }\r\n        *\/\r\n        \/*skip blank form pages*\/\r\n        while(jQuery(\"#rm_form_page_form_4_1_\"+rm_multipage.global_page_no_form_4_1+\" :input\").length == 0)\r\n        {\r\n            if(1 >= rm_multipage.global_page_no_form_4_1)\r\n            {\r\n                    if(jQuery(\"#rm_form_page_form_4_1_\"+rm_multipage.global_page_no_form_4_1+\" :input\").length == 0){\r\n                        rm_multipage.global_page_no_form_4_1 = 1;\r\n                        jQuery(\"#rm_prev_form_page_button_4_1\").prop('disabled',true);\r\n                        return;\r\n                    }        \r\n                    else\r\n                        break;\r\n            }\r\n        \r\n            rm_multipage.global_page_no_form_4_1--;\r\n        }\r\n        \r\n\tjQuery(\".rmformpage_form_4_1\").each(function (){\r\n\t\tvar visibledivid = \"rm_form_page_form_4_1_\"+rm_multipage.global_page_no_form_4_1;\r\n\t\tif(jQuery(this).attr('id') == visibledivid)\r\n\t\t\tjQuery(this).show();\r\n\t\telse\r\n\t\t\tjQuery(this).hide();\r\n\t});\r\n        \r\n        if(rm_multipage.global_page_no_form_4_1 <= 1)\r\n        {\r\n            rm_multipage.global_page_no_form_4_1 = 1;\r\n            jQuery(\"#rm_prev_form_page_button_4_1\").prop('disabled',true);\r\n        }\r\n        jQuery('html, body').animate({\r\n            scrollTop: (jQuery('.rmformpage_form_4_1').first().offset().top)\r\n        },500);\r\n}         \r\n<\/script><\/pre><style type=\"text\/css\">label span.required { color: #B94A48; }span.help-inline, span.help-block { color: #888; font-size: .9em; font-style: italic; }<\/style><form novalidate onsubmit=\"return gotonext_form_4_1()\" autocomplete=\"off\"  action id=\"form_4_1\" method=\"post\" class=\"rmagic-form rmagic-form-btn-center form-horizontal\" name=\"rm_form\" number=\"1\" style=\"\"><fieldset><input type=\"hidden\" name=\"rm_form_sub_id\" value=form_4_1><input type=\"hidden\" name=\"rm_form_sub_no\" value=1><input type=\"hidden\" name=\"rm_cond_hidden_fields\" id=\"rm_cond_hidden_fields\" value=\"\"><div id=\"rm_stat_container\"><div class=\"rmrow\"><div class=\"rmfield\" for=\"form_4_1-element-1\" style=\"\"><label>RM_Stats<\/label><\/div><div class=\"rminput\"><input type=\"text\" name=\"stat_id\" value=\"__uninit\" style=\"display:none\" id=\"form_4_1-element-1\"\/><\/div><\/div><\/div><div class=\"rm_form_page rmformpage_form_4_1\" id=\"rm_form_page_form_4_1_1\"><fieldset class='rmfieldset'><div class=\"rmrow\"><div class=\"rmfield\" for=\"form_4_1-element-5\" style=\"\"><label>First name<\/label><\/div><div class=\"rminput\"><input type=\"text\" name=\"Fname_18\" value=\"\" id=\"form_4_1-element-5\"\/><\/div><\/div><div class=\"rmrow\"><div class=\"rmfield\" for=\"form_4_1-element-6\" style=\"\"><label>Last Name<\/label><\/div><div class=\"rminput\"><input type=\"text\" name=\"Lname_19\" value=\"\" id=\"form_4_1-element-6\"\/><\/div><\/div><div class=\"rmrow\"><div class=\"rmfield\" for=\"rm_reg_form_email_4_1\" style=\"\"><label>Email<sup class=\"required\">&nbsp;*<\/sup><\/label><\/div><div class=\"rminput\"><input type=\"email\" name=\"Email_17\" required value=\"\" id=\"rm_reg_form_email_4_1\"\/><\/div><\/div><div class=\"rmrow\"><div class=\"rmfield\" for=\"form_4_1-element-8\" style=\"\"><label>Institution<\/label><\/div><div class=\"rminput\"><input type=\"text\" name=\"Textbox_20\" value=\"\" id=\"form_4_1-element-8\"\/><\/div><\/div><\/fieldset><\/div><div class=\"buttonarea\"><input   type=\"submit\" value=\"Submit\" name=\"rm_sb_btn\" style=\"\" id=\"rm_next_form_page_button_4_1\" class=\"rm_next_btn rm-btn rm-btn-primary\"\/> <input   type=\"submit\" value=\"Submit\" name=\"rm_sb_btn\" style=\"\" class=\"rm_noscript_btn rm-btn rm-btn-primary\" id=\"form_4_1-element-12\"\/><\/div><\/fieldset><\/form><pre class=\"rm-pre-wrapper-for-script-tags\"><script type=\"text\/javascript\">jQuery(document).ready(function() {\t\tjQuery(\"#form_4_1\").bind(\"submit\", function(){\r\n                        \/\/jQuery(this).find(\"input[name=rm_slug]\").attr(\"value\",jQuery(this).find(\"input[name=submit]\").attr(\"value\"));\r\n\t\t\tjQuery(this).find(\"input[type=submit]\").attr(\"disabled\", \"disabled\"); \r\n\t\t});            \r\n                   \r\n                   jQuery(\"#rm_reg_form_email_4_1\").change(function(){\r\n                   var data = {\r\n                           'action': 'rm_user_exists',\r\n                           'rm_sec_nonce': '74e3771fb1',\r\n                           'rm_slug': 'rm_user_exists',\r\n                           'email': jQuery(this).val(),\r\n                           'attr': 'data-rm-valid-email',\r\n                           'form_id':\"4\"\r\n                   };\r\n                   \r\n                   rm_user_exists(this,rm_ajax_url,data);\r\n                  \r\n                 });\r\n           }); <\/script><\/pre>        <noscript>\r\n            <div class=\"rm-js-disabled\"><b>Note: It looks like JavaScript is disabled in your browser. Some elements of this form may require JavaScript to work properly. If you have trouble submitting the form, try enabling JavaScript momentarily and resubmit. JavaScript settings are usually found in Browser Settings or Browser Developer menu.<\/b><\/div>\r\n            <style>\r\n                .rm_next_btn {display:none !important}\r\n                .rm_noscript_btn {display: block !important}\r\n            <\/style>\r\n        <\/noscript>\r\n    <\/div><\/div><!--\/noptimize--><\/strong><\/p>\n","protected":false},"excerpt":{"rendered":"<p>NOSCI.mk \u00ebsht\u00eb e hapur p\u00ebr t\u00eb gjith\u00eb ata q\u00eb jan\u00eb t\u00eb interesuar p\u00ebr shkenc\u00ebn e hapur dhe k\u00ebrkimin. Bashkohuni me ne dhe na ndihmoni t\u00eb b\u00ebjm\u00eb nj\u00eb ndryshim duke krijuar deklarata dhe politika prej t\u00eb cilave do t\u00eb p\u00ebrfitojn\u00eb t\u00eb gjitha hulumtimet n\u00eb vendin ton\u00eb.<\/p>\n","protected":false},"author":1,"featured_media":0,"parent":0,"menu_order":0,"comment_status":"closed","ping_status":"closed","template":"","meta":{"footnotes":""},"class_list":["post-284","page","type-page","status-publish","hentry"],"_links":{"self":[{"href":"https:\/\/www.nosci.mk\/index.php?rest_route=\/wp\/v2\/pages\/284","targetHints":{"allow":["GET"]}}],"collection":[{"href":"https:\/\/www.nosci.mk\/index.php?rest_route=\/wp\/v2\/pages"}],"about":[{"href":"https:\/\/www.nosci.mk\/index.php?rest_route=\/wp\/v2\/types\/page"}],"author":[{"embeddable":true,"href":"https:\/\/www.nosci.mk\/index.php?rest_route=\/wp\/v2\/users\/1"}],"replies":[{"embeddable":true,"href":"https:\/\/www.nosci.mk\/index.php?rest_route=%2Fwp%2Fv2%2Fcomments&post=284"}],"version-history":[{"count":2,"href":"https:\/\/www.nosci.mk\/index.php?rest_route=\/wp\/v2\/pages\/284\/revisions"}],"predecessor-version":[{"id":299,"href":"https:\/\/www.nosci.mk\/index.php?rest_route=\/wp\/v2\/pages\/284\/revisions\/299"}],"wp:attachment":[{"href":"https:\/\/www.nosci.mk\/index.php?rest_route=%2Fwp%2Fv2%2Fmedia&parent=284"}],"curies":[{"name":"wp","href":"https:\/\/api.w.org\/{rel}","templated":true}]}}