{"id":292,"date":"2021-02-11T11:38:20","date_gmt":"2021-02-11T11:38:20","guid":{"rendered":"https:\/\/www.nosci.mk\/?page_id=292"},"modified":"2021-03-25T15:02:41","modified_gmt":"2021-03-25T15:02:41","slug":"shkenca-e-kerkimeve-te-hapura","status":"publish","type":"page","link":"https:\/\/www.nosci.mk\/?page_id=292&lang=sq","title":{"rendered":"Shkenca e k\u00ebrkimeve t\u00eb hapura"},"content":{"rendered":"\n<figure class=\"wp-block-pullquote is-style-default\"><blockquote><p>&#8220;Shkenca e hapur \u00ebsht\u00eb nisma p\u00ebr ta b\u00ebr\u00eb k\u00ebrkimin shkencor, t\u00eb dh\u00ebnat dhe shp\u00ebrndarjen, t\u00eb arritshme p\u00ebr t\u00eb gjitha nivelet e nj\u00eb shoq\u00ebrie k\u00ebrkuese.&#8221;<\/p><\/blockquote><\/figure>\n\n\n\n<h2 class=\"wp-block-heading\">Hapja<\/h2>\n\n\n\n<p>Hapja \u00ebsht\u00eb nj\u00eb parim kryesor i shkenc\u00ebs dhe k\u00ebrkimit, duke krijuar mund\u00ebsi t\u00eb reja p\u00ebr pjes\u00ebmarrje nga studiuesit, vendimmarr\u00ebsit dhe publiku i gjer\u00eb.<\/p>\n\n\n\n<p>Njohurit\u00eb shkencore jan\u00eb nga natyra e tyre t\u00eb hapura dhe t\u00eb p\u00ebrgjegjshme, dhe kjo hapje duhet t\u00eb reflektohet jo vet\u00ebm n\u00eb mbledhjen e t\u00eb dh\u00ebnave, por edhe n\u00eb metodat e hulumtimit dhe vler\u00ebsimit.\u00a0D\u00ebshira e t\u00eb tjer\u00ebve p\u00ebr t\u00eb hyr\u00eb dhe p\u00ebrdorur rezultatet e k\u00ebrkimit tregon r\u00ebnd\u00ebsin\u00eb e nj\u00eb studimi dhe p\u00ebr shkak se rezultatet e tij p\u00ebrdoren gjer\u00ebsisht,\u00a0hapja\u00a0gjithashtu rrit ndikimin e k\u00ebtij k\u00ebrkimi.<\/p>\n\n\n\n<div class=\"wp-block-columns is-layout-flex wp-container-core-columns-is-layout-9d6595d7 wp-block-columns-is-layout-flex\">\n<div class=\"wp-block-column is-layout-flow wp-block-column-is-layout-flow\">\n<figure class=\"wp-block-image size-large is-style-default\"><img loading=\"lazy\" decoding=\"async\" width=\"720\" height=\"540\" src=\"http:\/\/www.nosci.mk\/wp-content\/uploads\/2021\/02\/benefits.png\" alt=\"\" class=\"wp-image-53\" srcset=\"https:\/\/www.nosci.mk\/wp-content\/uploads\/2021\/02\/benefits.png 720w, https:\/\/www.nosci.mk\/wp-content\/uploads\/2021\/02\/benefits-300x225.png 300w\" sizes=\"auto, (max-width: 720px) 100vw, 720px\" \/><\/figure>\n<\/div>\n\n\n\n<div class=\"wp-block-column is-layout-flow wp-block-column-is-layout-flow\">\n<figure class=\"wp-block-image alignfull size-large size-full is-style-twentytwentyone-border is-style-rounded\"><img loading=\"lazy\" decoding=\"async\" width=\"720\" height=\"405\" src=\"http:\/\/www.nosci.mk\/wp-content\/uploads\/2021\/02\/openVSclosed.png\" alt=\"\" class=\"wp-image-55\" srcset=\"https:\/\/www.nosci.mk\/wp-content\/uploads\/2021\/02\/openVSclosed.png 720w, https:\/\/www.nosci.mk\/wp-content\/uploads\/2021\/02\/openVSclosed-300x169.png 300w\" sizes=\"auto, (max-width: 720px) 100vw, 720px\" \/><\/figure>\n<\/div>\n<\/div>\n\n\n\n<h2 class=\"wp-block-heading\">Shkenca\u00a0e hapur e\u00a0ngulitur n\u00eb procesin e k\u00ebrkimit<\/h2>\n\n\n\n<div class=\"wp-block-image is-style-default\"><figure class=\"aligncenter size-large is-resized\"><img loading=\"lazy\" decoding=\"async\" src=\"http:\/\/www.nosci.mk\/wp-content\/uploads\/2021\/02\/process.png\" alt=\"\" class=\"wp-image-70\" width=\"814\" height=\"458\" srcset=\"https:\/\/www.nosci.mk\/wp-content\/uploads\/2021\/02\/process.png 720w, https:\/\/www.nosci.mk\/wp-content\/uploads\/2021\/02\/process-300x169.png 300w\" sizes=\"auto, (max-width: 814px) 100vw, 814px\" \/><\/figure><\/div>\n","protected":false},"excerpt":{"rendered":"<p>&#8220;Shkenca e hapur \u00ebsht\u00eb nisma p\u00ebr ta b\u00ebr\u00eb k\u00ebrkimin shkencor, t\u00eb dh\u00ebnat dhe shp\u00ebrndarjen, t\u00eb arritshme p\u00ebr t\u00eb gjitha nivelet e nj\u00eb shoq\u00ebrie k\u00ebrkuese.&#8221; Hapja Hapja \u00ebsht\u00eb nj\u00eb parim kryesor i shkenc\u00ebs dhe k\u00ebrkimit, duke krijuar mund\u00ebsi t\u00eb reja p\u00ebr pjes\u00ebmarrje nga studiuesit, vendimmarr\u00ebsit dhe publiku i gjer\u00eb. Njohurit\u00eb shkencore jan\u00eb nga natyra e tyre [&hellip;]<\/p>\n","protected":false},"author":1,"featured_media":0,"parent":0,"menu_order":0,"comment_status":"closed","ping_status":"closed","template":"","meta":{"footnotes":""},"class_list":["post-292","page","type-page","status-publish","hentry"],"_links":{"self":[{"href":"https:\/\/www.nosci.mk\/index.php?rest_route=\/wp\/v2\/pages\/292","targetHints":{"allow":["GET"]}}],"collection":[{"href":"https:\/\/www.nosci.mk\/index.php?rest_route=\/wp\/v2\/pages"}],"about":[{"href":"https:\/\/www.nosci.mk\/index.php?rest_route=\/wp\/v2\/types\/page"}],"author":[{"embeddable":true,"href":"https:\/\/www.nosci.mk\/index.php?rest_route=\/wp\/v2\/users\/1"}],"replies":[{"embeddable":true,"href":"https:\/\/www.nosci.mk\/index.php?rest_route=%2Fwp%2Fv2%2Fcomments&post=292"}],"version-history":[{"count":1,"href":"https:\/\/www.nosci.mk\/index.php?rest_route=\/wp\/v2\/pages\/292\/revisions"}],"predecessor-version":[{"id":293,"href":"https:\/\/www.nosci.mk\/index.php?rest_route=\/wp\/v2\/pages\/292\/revisions\/293"}],"wp:attachment":[{"href":"https:\/\/www.nosci.mk\/index.php?rest_route=%2Fwp%2Fv2%2Fmedia&parent=292"}],"curies":[{"name":"wp","href":"https:\/\/api.w.org\/{rel}","templated":true}]}}