{"id":296,"date":"2021-02-11T11:38:20","date_gmt":"2021-02-11T11:38:20","guid":{"rendered":"https:\/\/www.nosci.mk\/?page_id=296"},"modified":"2021-03-25T15:10:08","modified_gmt":"2021-03-25T15:10:08","slug":"politikat","status":"publish","type":"page","link":"https:\/\/www.nosci.mk\/?page_id=296&lang=sq","title":{"rendered":"Politikat"},"content":{"rendered":"\n<figure class=\"wp-block-pullquote\"><blockquote><p>Politikat e shkenc\u00ebs s\u00eb hapur jan\u00eb strategji dhe veprime q\u00eb synojn\u00eb promovimin e parimeve t\u00eb shkenc\u00ebs s\u00eb hapur dhe njohjen e praktikave t\u00eb shkenc\u00ebs s\u00eb hapur.<\/p><\/blockquote><\/figure>\n\n\n\n<p>Politikat q\u00eb mund\u00ebsojn\u00eb promovimin e shkenc\u00ebs dhe k\u00ebrkimit t\u00eb hapur:<\/p>\n\n\n\n<p><a href=\"https:\/\/openaccess.mpg.de\/Berlin-Declaration\">Deklarata e Berlinit mbi qasjen e hapur n\u00eb njohuri n\u00eb shkencas dhe shkencat humane<\/a><\/p>\n\n\n\n<p><a href=\"https:\/\/eur-lex.europa.eu\/legal-content\/EN\/TXT\/?uri=CELEX:32018H0790\">Rekomandimi i Komisionit Evropian i 25 prillit t\u00eb 2018-\u00ebs mbi aksesin dhe ruajtjen e informacionit shkencor<\/a><\/p>\n\n\n\n<p><a href=\"http:\/\/eurodoc.net\/joint-statement-plan-s.pdf\">Iniciativa Plan S p\u00ebr botimin e shkenc\u00ebs me qasje t\u00eb hapur nisur n\u00eb 2018 nga &#8220;cOAlition S&#8221;<\/a><\/p>\n\n\n\n<p><a href=\"https:\/\/sfdora.org\/read\/\">Deklarata e San Franciskos p\u00ebr Vler\u00ebsimin e K\u00ebrkimit (DORA)<\/a><\/p>\n","protected":false},"excerpt":{"rendered":"<p>Politikat e shkenc\u00ebs s\u00eb hapur jan\u00eb strategji dhe veprime q\u00eb synojn\u00eb promovimin e parimeve t\u00eb shkenc\u00ebs s\u00eb hapur dhe njohjen e praktikave t\u00eb shkenc\u00ebs s\u00eb hapur. Politikat q\u00eb mund\u00ebsojn\u00eb promovimin e shkenc\u00ebs dhe k\u00ebrkimit t\u00eb hapur: Deklarata e Berlinit mbi qasjen e hapur n\u00eb njohuri n\u00eb shkencas dhe shkencat humane Rekomandimi i Komisionit Evropian i [&hellip;]<\/p>\n","protected":false},"author":1,"featured_media":0,"parent":0,"menu_order":0,"comment_status":"closed","ping_status":"closed","template":"","meta":{"footnotes":""},"class_list":["post-296","page","type-page","status-publish","hentry"],"_links":{"self":[{"href":"https:\/\/www.nosci.mk\/index.php?rest_route=\/wp\/v2\/pages\/296","targetHints":{"allow":["GET"]}}],"collection":[{"href":"https:\/\/www.nosci.mk\/index.php?rest_route=\/wp\/v2\/pages"}],"about":[{"href":"https:\/\/www.nosci.mk\/index.php?rest_route=\/wp\/v2\/types\/page"}],"author":[{"embeddable":true,"href":"https:\/\/www.nosci.mk\/index.php?rest_route=\/wp\/v2\/users\/1"}],"replies":[{"embeddable":true,"href":"https:\/\/www.nosci.mk\/index.php?rest_route=%2Fwp%2Fv2%2Fcomments&post=296"}],"version-history":[{"count":1,"href":"https:\/\/www.nosci.mk\/index.php?rest_route=\/wp\/v2\/pages\/296\/revisions"}],"predecessor-version":[{"id":297,"href":"https:\/\/www.nosci.mk\/index.php?rest_route=\/wp\/v2\/pages\/296\/revisions\/297"}],"wp:attachment":[{"href":"https:\/\/www.nosci.mk\/index.php?rest_route=%2Fwp%2Fv2%2Fmedia&parent=296"}],"curies":[{"name":"wp","href":"https:\/\/api.w.org\/{rel}","templated":true}]}}