{"id":357,"date":"2021-05-24T00:28:17","date_gmt":"2021-05-23T22:28:17","guid":{"rendered":"https:\/\/www.nosci.mk\/?page_id=357"},"modified":"2021-06-16T21:25:25","modified_gmt":"2021-06-16T19:25:25","slug":"nenshkruaj-deklaraten","status":"publish","type":"page","link":"https:\/\/www.nosci.mk\/?page_id=357&lang=sq","title":{"rendered":"N\u00ebnshkruaj deklarat\u00ebn"},"content":{"rendered":"\n<p>Duke plot\u00ebsuar formularin, pranoni t\u00eb n\u00ebnshkruani <a href=\"https:\/\/www.nosci.mk\/?page_id=351&amp;lang=sq\" data-type=\"page\" data-id=\"351\">Deklarat\u00ebn<\/a> e Nism\u00ebs Komb\u00ebtare p\u00ebr Shkenc\u00ebn e Hapur (cloud)\u00a0 nosci.mk<\/p>\n\n\n\n<div class=\"forminator-guttenberg\"><div class=\"forminator-ui forminator-custom-form forminator-custom-form-372 forminator-design--material  forminator_ajax\" data-forminator-render=\"0\" data-form=\"forminator-module-372\" data-uid=\"69f25832f00a9\"><br\/><\/div><form\n\t\t\t\tid=\"forminator-module-372\"\n\t\t\t\tclass=\"forminator-ui forminator-custom-form forminator-custom-form-372 forminator-design--material  forminator_ajax\"\n\t\t\t\tmethod=\"post\"\n\t\t\t\tdata-forminator-render=\"0\"\n\t\t\t\tdata-form-id=\"372\"\n\t\t\t\t\n\t\t\t\tdata-design=\"material\"\n\t\t\t\t\n\t\t\t\t\n\t\t\t\t\n\t\t\t\tdata-grid=\"open\"\n\t\t\t\t\n\t\t\t\t\n\t\t\t\tstyle=\"display: none;\"\n\t\t\t\t\n\t\t\t\tdata-uid=\"69f25832f00a9\"\n\t\t\t><div role=\"alert\" aria-live=\"polite\" class=\"forminator-response-message forminator-error\" aria-hidden=\"true\"><\/div><div class=\"forminator-row\"><div id=\"html-1\" class=\"forminator-field-html forminator-col forminator-col-12 \"><div class=\"forminator-field forminator-merge-tags\" data-field=\"html-1\"><p>ME N\u00cbSNSHKRIMIN E K\u00cbSAJ DEKLARATE P\u00cbR SHKENC\u00cbN E HAPUR DHE HULUMTIMIN N\u00cb RE, N\u00cbNSHKRUESIT BIEN DAKORD T\u00cb VEPROJN\u00cb N\u00cb PAJTIM ME VIZIONIN P\u00cbR SHKENC\u00cb T\u00cb HAPUR P\u00cbRMES<\/p>\n<ul>\n<li>Mb\u00ebshtetjes s\u00eb parimeve dhe praktikave p\u00ebr shkenc\u00eb dhe hulumtim t\u00eb hapur dhe integrimi i tyre n\u00eb strategjit\u00eb individuale dhe pun\u00ebn e p\u00ebrditshme n\u00eb p\u00ebrputhje me karakteristikat e tij specifike, gjegj\u00ebsisht sa m\u00eb hapur t\u00eb jet\u00eb e mundur, sa m\u00eb e nevojshme t\u00eb jet\u00eb e mbyllur.<\/li>\n<li>Mb\u00ebshtetjes dhe shp\u00ebrndarjes s\u00eb parimeve dhe praktikave e shkenc\u00ebs s\u00eb hapur dhe hulumtimit midis an\u00ebtar\u00ebve t\u00eb tjer\u00eb t\u00eb organizat\u00ebs, n\u00eb m\u00ebnyr\u00eb q\u00eb t\u00eb p\u00ebrcaktohen q\u00ebllimet e p\u00ebrbashk\u00ebta dhe politikat e sjelljes.<\/li>\n<li>Pjes\u00ebmarrjes aktive n\u00eb nism\u00ebn komb\u00ebtare t\u00eb shkenc\u00ebs s\u00eb hapur n\u00eb re.<\/li>\n<\/ul><\/div><\/div><\/div><div class=\"forminator-row\"><div id=\"name-1\" class=\"forminator-field-name forminator-col forminator-col-12 \"><div class=\"forminator-row forminator-no-margin\" data-multiple=\"true\"><div class=\"forminator-col forminator-col-md-6\"><div class=\"forminator-field\"><label for=\"forminator-field-first-name-1_69f25832f00a9\" id=\"forminator-field-first-name-1_69f25832f00a9-label\" class=\"forminator-label\">Emri <span class=\"forminator-required\">*<\/span><\/label><input type=\"text\" name=\"name-1-first-name\" placeholder=\"\" id=\"forminator-field-first-name-1_69f25832f00a9\" class=\"forminator-input\" aria-required=\"true\" data-multi=\"1\" value=\"\" \/><\/div><\/div><div class=\"forminator-col forminator-col-md-6\"><div class=\"forminator-field\"><label for=\"forminator-field-last-name-1_69f25832f00a9\" id=\"forminator-field-last-name-1_69f25832f00a9-label\" class=\"forminator-label\">Mbiemri <span class=\"forminator-required\">*<\/span><\/label><input type=\"text\" name=\"name-1-last-name\" placeholder=\"\" id=\"forminator-field-last-name-1_69f25832f00a9\" class=\"forminator-input\" aria-required=\"true\" data-multi=\"1\" value=\"\" \/><\/div><\/div><\/div><\/div><\/div><div class=\"forminator-row\"><div id=\"email-1\" class=\"forminator-field-email forminator-col forminator-col-12 \"><div class=\"forminator-field\"><label for=\"forminator-field-email-1_69f25832f00a9\" id=\"forminator-field-email-1_69f25832f00a9-label\" class=\"forminator-label\">e-mail address <span class=\"forminator-required\">*<\/span><\/label><input type=\"email\" name=\"email-1\" value=\"\" placeholder=\"\" id=\"forminator-field-email-1_69f25832f00a9\" class=\"forminator-input forminator-email--field\" data-required=\"1\" aria-required=\"true\" \/><\/div><\/div><\/div><div class=\"forminator-row\"><div id=\"text-1\" class=\"forminator-field-text forminator-col forminator-col-12 \"><div class=\"forminator-field\"><label for=\"forminator-field-text-1_69f25832f00a9\" id=\"forminator-field-text-1_69f25832f00a9-label\" class=\"forminator-label\">Institucioni <span class=\"forminator-required\">*<\/span><\/label><input type=\"text\" name=\"text-1\" value=\"\" placeholder=\"Universiteti \/ fakulteti \/ instituti \" id=\"forminator-field-text-1_69f25832f00a9\" class=\"forminator-input forminator-name--field\" data-required=\"1\" maxlength=\"100\" \/><span id=\"forminator-field-text-1_69f25832f00a9-description\" class=\"forminator-description\"><span data-limit=\"100\" data-type=\"characters\">0 \/ 100<\/span><\/span><\/div><\/div><\/div><div class=\"forminator-row\"><div id=\"checkbox-1\" class=\"forminator-field-checkbox forminator-col forminator-col-12 \"><div role=\"group\" class=\"forminator-field\" aria-labelledby=\"forminator-checkbox-group-forminator-field-checkbox-1-69f25832f00a9-label\"><span id=\"forminator-checkbox-group-forminator-field-checkbox-1-69f25832f00a9-label\" class=\"forminator-label\">Publikimi i t\u00eb dh\u00ebnave<\/span><label id=\"forminator-field-checkbox-1-1-69f25832f00a9-label\" for=\"forminator-field-checkbox-1-1-69f25832f00a9\" class=\"forminator-checkbox\" title=\"Pajtohem q\u00eb t\u00eb dh\u00ebnat e mia (p\u00ebrve\u00e7 email adres\u00ebs) t\u00eb publikohen n\u00eb nosci.mk\"><input type=\"checkbox\" name=\"checkbox-1[]\" value=\"pajtohem-q-t-dhnat-e-mia-prve-email-adress-t-publikohen-n-noscimk\" id=\"forminator-field-checkbox-1-1-69f25832f00a9\" aria-labelledby=\"forminator-field-checkbox-1-1-69f25832f00a9-label\" data-calculation=\"0\" checked=\"checked\" \/><span class=\"forminator-checkbox-box\" aria-hidden=\"true\"><\/span><span class=\"forminator-checkbox-label\">Pajtohem q\u00eb t\u00eb dh\u00ebnat e mia (p\u00ebrve\u00e7 email adres\u00ebs) t\u00eb publikohen n\u00eb nosci.mk<\/span><\/label><\/div><\/div><\/div><div class=\"forminator-row\"><div id=\"gdprcheckbox-1\" class=\"forminator-field-gdprcheckbox forminator-col forminator-col-12 \"><div class=\"forminator-field\"><label for=\"forminator-field-gdprcheckbox-1_69f25832f00a9\" id=\"forminator-field-gdprcheckbox-1_69f25832f00a9-label\" class=\"forminator-label\">GDPR <span class=\"forminator-required\">*<\/span><\/label><label for=\"forminator-field-gdprcheckbox-1_69f25832f00a9\" class=\"forminator-checkbox\"><input type=\"checkbox\" name=\"gdprcheckbox-1\" value=\"true\" id=\"forminator-field-gdprcheckbox-1_69f25832f00a9\" data-required=\"true\" aria-required=\"true\" \/><span class=\"forminator-checkbox-box\" aria-hidden=\"true\"><\/span><span class=\"forminator-checkbox-label\"><p>Pajtohem me <a href=\"https:\/\/www.nosci.mk\/?page_id=374&amp;lang=sq\">politik\u00ebn e privat\u00ebsis\u00eb<\/a><\/p><\/span><\/label><\/div><\/div><\/div><input type=\"hidden\" name=\"referer_url\" value=\"\" \/><div class=\"forminator-row forminator-row-last\"><div class=\"forminator-col\"><div class=\"forminator-field\"><button class=\"forminator-button forminator-button-submit\"><span>Submit<\/span><span aria-hidden=\"true\"><\/span><\/button><\/div><\/div><\/div><input type=\"hidden\" id=\"forminator_nonce\" name=\"forminator_nonce\" value=\"223daea834\" \/><input type=\"hidden\" name=\"_wp_http_referer\" value=\"\/index.php?rest_route=%2Fwp%2Fv2%2Fpages%2F357\" \/><input type=\"hidden\" name=\"form_id\" value=\"372\"><input type=\"hidden\" name=\"page_id\" value=\"357\"><input type=\"hidden\" name=\"form_type\" value=\"default\"><input type=\"hidden\" name=\"current_url\" value=\"https:\/\/www.nosci.mk\/?page_id=357&#038;lang=sq\"><input type=\"hidden\" name=\"render_id\" value=\"0\"><input type=\"hidden\" name=\"action\" value=\"forminator_submit_form_custom-forms\"><label for=\"input_6\" class=\"forminator-hidden\" aria-hidden=\"true\">Please do not fill in this field. <input id=\"input_6\" type=\"text\" name=\"input_6\" value=\"\" autocomplete=\"off\"><\/label><\/form><\/div>\n","protected":false},"excerpt":{"rendered":"<p>Duke plot\u00ebsuar formularin, pranoni t\u00eb n\u00ebnshkruani Deklarat\u00ebn e Nism\u00ebs Komb\u00ebtare p\u00ebr Shkenc\u00ebn e Hapur (cloud)\u00a0 nosci.mk<\/p>\n","protected":false},"author":1,"featured_media":0,"parent":0,"menu_order":0,"comment_status":"closed","ping_status":"closed","template":"","meta":{"footnotes":""},"class_list":["post-357","page","type-page","status-publish","hentry"],"_links":{"self":[{"href":"https:\/\/www.nosci.mk\/index.php?rest_route=\/wp\/v2\/pages\/357","targetHints":{"allow":["GET"]}}],"collection":[{"href":"https:\/\/www.nosci.mk\/index.php?rest_route=\/wp\/v2\/pages"}],"about":[{"href":"https:\/\/www.nosci.mk\/index.php?rest_route=\/wp\/v2\/types\/page"}],"author":[{"embeddable":true,"href":"https:\/\/www.nosci.mk\/index.php?rest_route=\/wp\/v2\/users\/1"}],"replies":[{"embeddable":true,"href":"https:\/\/www.nosci.mk\/index.php?rest_route=%2Fwp%2Fv2%2Fcomments&post=357"}],"version-history":[{"count":4,"href":"https:\/\/www.nosci.mk\/index.php?rest_route=\/wp\/v2\/pages\/357\/revisions"}],"predecessor-version":[{"id":387,"href":"https:\/\/www.nosci.mk\/index.php?rest_route=\/wp\/v2\/pages\/357\/revisions\/387"}],"wp:attachment":[{"href":"https:\/\/www.nosci.mk\/index.php?rest_route=%2Fwp%2Fv2%2Fmedia&parent=357"}],"curies":[{"name":"wp","href":"https:\/\/api.w.org\/{rel}","templated":true}]}}